{"id":1675,"date":"2023-01-02T15:47:14","date_gmt":"2023-01-02T15:47:14","guid":{"rendered":"https:\/\/22agmadeira.com\/my-account\/"},"modified":"2023-11-07T15:18:10","modified_gmt":"2023-11-07T15:18:10","slug":"my-account","status":"publish","type":"page","link":"https:\/\/22agmadeira.com\/pt\/my-account\/","title":{"rendered":"Minha conta"},"content":{"rendered":"<div data-elementor-type=\"wp-page\" data-elementor-id=\"1675\" class=\"elementor elementor-1675\">\n\t\t\t\t\t\t<section class=\"elementor-section elementor-top-section elementor-element elementor-element-19d9f5a elementor-section-boxed elementor-section-height-default elementor-section-height-default\" data-id=\"19d9f5a\" data-element_type=\"section\" data-e-type=\"section\">\n\t\t\t\t\t\t<div class=\"elementor-container elementor-column-gap-default\">\n\t\t\t\t\t<div class=\"elementor-column elementor-col-100 elementor-top-column elementor-element elementor-element-3033c3e\" data-id=\"3033c3e\" data-element_type=\"column\" data-e-type=\"column\">\n\t\t\t<div class=\"elementor-widget-wrap elementor-element-populated\">\n\t\t\t\t\t\t<section class=\"elementor-section elementor-inner-section elementor-element elementor-element-496a35c elementor-section-boxed elementor-section-height-default elementor-section-height-default\" data-id=\"496a35c\" data-element_type=\"section\" data-e-type=\"section\">\n\t\t\t\t\t\t<div class=\"elementor-container elementor-column-gap-default\">\n\t\t\t\t\t<div class=\"elementor-column elementor-col-25 elementor-inner-column elementor-element elementor-element-25d682b elementor-hidden-tablet elementor-hidden-mobile\" data-id=\"25d682b\" data-element_type=\"column\" data-e-type=\"column\">\n\t\t\t<div class=\"elementor-widget-wrap\">\n\t\t\t\t\t\t\t<\/div>\n\t\t<\/div>\n\t\t\t\t<div class=\"elementor-column elementor-col-50 elementor-inner-column elementor-element elementor-element-948d2bf\" data-id=\"948d2bf\" data-element_type=\"column\" data-e-type=\"column\">\n\t\t\t<div class=\"elementor-widget-wrap elementor-element-populated\">\n\t\t\t\t\t\t<div class=\"elementor-element elementor-element-a5a9062 elementor-widget__width-initial elementor-widget elementor-widget-heading\" data-id=\"a5a9062\" data-element_type=\"widget\" data-e-type=\"widget\" data-widget_type=\"heading.default\">\n\t\t\t\t<div class=\"elementor-widget-container\">\n\t\t\t\t\t<h6 class=\"elementor-heading-title elementor-size-small\"><span class=\"text-red\">Como verificar a sua reserva:\n<\/span><\/h6>\t\t\t\t<\/div>\n\t\t\t\t<\/div>\n\t\t\t\t<div class=\"elementor-element elementor-element-8953fe7 elementor-widget elementor-widget-spacer\" data-id=\"8953fe7\" data-element_type=\"widget\" data-e-type=\"widget\" data-widget_type=\"spacer.default\">\n\t\t\t\t<div class=\"elementor-widget-container\">\n\t\t\t\t\t\t\t<div class=\"elementor-spacer\">\n\t\t\t<div class=\"elementor-spacer-inner\"><\/div>\n\t\t<\/div>\n\t\t\t\t\t\t<\/div>\n\t\t\t\t<\/div>\n\t\t\t\t<div class=\"elementor-element elementor-element-db323e9 elementor-widget__width-initial elementor-widget elementor-widget-heading\" data-id=\"db323e9\" data-element_type=\"widget\" data-e-type=\"widget\" data-widget_type=\"heading.default\">\n\t\t\t\t<div class=\"elementor-widget-container\">\n\t\t\t\t\t<h6 class=\"elementor-heading-title elementor-size-small\">Insira o seu N\u00famero de Confirma\u00e7\u00e3o ou C\u00f3digo PIN na barra de pesquisa, e a informa\u00e7\u00e3o aparecer\u00e1 abaixo. <\/h6>\t\t\t\t<\/div>\n\t\t\t\t<\/div>\n\t\t\t\t\t<\/div>\n\t\t<\/div>\n\t\t\t\t<div class=\"elementor-column elementor-col-25 elementor-inner-column elementor-element elementor-element-2363502 elementor-hidden-tablet elementor-hidden-mobile\" data-id=\"2363502\" data-element_type=\"column\" data-e-type=\"column\">\n\t\t\t<div class=\"elementor-widget-wrap\">\n\t\t\t\t\t\t\t<\/div>\n\t\t<\/div>\n\t\t\t\t\t<\/div>\n\t\t<\/section>\n\t\t\t\t\t<\/div>\n\t\t<\/div>\n\t\t\t\t\t<\/div>\n\t\t<\/section>\n\t\t\t\t<section class=\"elementor-section elementor-top-section elementor-element elementor-element-7dbe862 elementor-section-boxed elementor-section-height-default elementor-section-height-default\" data-id=\"7dbe862\" data-element_type=\"section\" data-e-type=\"section\">\n\t\t\t\t\t\t<div class=\"elementor-container elementor-column-gap-default\">\n\t\t\t\t\t<div class=\"elementor-column elementor-col-100 elementor-top-column elementor-element elementor-element-c154658\" data-id=\"c154658\" data-element_type=\"column\" data-e-type=\"column\">\n\t\t\t<div class=\"elementor-widget-wrap elementor-element-populated\">\n\t\t\t\t\t\t<div class=\"elementor-element elementor-element-efadfc3 elementor-widget elementor-widget-shortcode\" data-id=\"efadfc3\" data-element_type=\"widget\" data-e-type=\"widget\" data-widget_type=\"shortcode.default\">\n\t\t\t\t<div class=\"elementor-widget-container\">\n\t\t\t\t\t\t\t<div class=\"elementor-shortcode\">\n<div class=\"wrap plugin-container\">\n\n\t\n\t\n\t\t<div class=\"vrcsearchconfnumb\">\r\n\t\t<form action=\"https:\/\/22agmadeira.com\/pt\/my-account\/?option=com_vikrentcar&#038;view=userorders\" method=\"post\" data-trp-original-action=\"https:\/\/22agmadeira.com\/pt\/my-account\/?option=com_vikrentcar&amp;view=userorders\">\r\n\t\t\t<input type=\"hidden\" name=\"option\" value=\"com_vikrentcar\"\/>\r\n\t\t\t<input type=\"hidden\" name=\"view\" value=\"userorders\"\/>\r\n\t\t\t<input type=\"hidden\" name=\"searchorder\" value=\"1\"\/>\r\n\t\t\t<div class=\"vrcconfnumbinp\">\r\n\t\t\t\t<label for=\"vrcconfnum\">N\u00famero de confirma\u00e7\u00e3o ou c\u00f3digo PIN<\/label>\r\n\t\t\t\t<input type=\"text\" name=\"confirmnum\" value=\"\" size=\"25\" id=\"vrcconfnum\"\/>\r\n\t\t\t<\/div>\r\n\t\t\t<div class=\"vrcconfnumbsubm\">\r\n\t\t\t\t<input type=\"submit\" name=\"searchconfnum\" class=\"btn vrc-pref-color-btn\" value=\"Procurar reserva\"\/>\r\n\t\t\t<\/div>\r\n\t\t<input type=\"hidden\" name=\"trp-form-language\" value=\"pt\"\/><\/form>\r\n\t<\/div>\r\n\t\t<p class=\"vrcuserordersparag\">N\u00e3o existem Reservas para os dados inseridos<\/p>\r\n\t<div class=\"vrc-pagination-footer\"><\/div>\r\n\n<\/div>\n<\/div>\n\t\t\t\t\t\t<\/div>\n\t\t\t\t<\/div>\n\t\t\t\t\t<\/div>\n\t\t<\/div>\n\t\t\t\t\t<\/div>\n\t\t<\/section>\n\t\t\t\t<\/div>","protected":false},"excerpt":{"rendered":"<p>Como verificar sua reserva Insira seu N\u00famero de Confirma\u00e7\u00e3o ou C\u00f3digo PIN na barra de pesquisa e as informa\u00e7\u00f5es aparecer\u00e3o abaixo.<\/p>","protected":false},"author":3,"featured_media":0,"parent":0,"menu_order":0,"comment_status":"closed","ping_status":"open","template":"","meta":{"footnotes":""},"class_list":["post-1675","page","type-page","status-publish","hentry"],"yoast_head":"<!-- This site is optimized with the Yoast SEO plugin v27.2 - https:\/\/yoast.com\/product\/yoast-seo-wordpress\/ -->\n<title>My account - 22AG Madeira Rent a Car &amp; Scooter<\/title>\n<meta name=\"robots\" content=\"index, follow, max-snippet:-1, max-image-preview:large, max-video-preview:-1\" \/>\n<link rel=\"canonical\" href=\"https:\/\/22agmadeira.com\/pt\/my-account\/\" \/>\n<meta property=\"og:locale\" content=\"pt_PT\" \/>\n<meta property=\"og:type\" content=\"article\" \/>\n<meta property=\"og:title\" content=\"My account - 22AG Madeira Rent a Car &amp; Scooter\" \/>\n<meta property=\"og:description\" content=\"How to check your reservation Insert your Confirmation Number or PIN Code on the search bar and the information will apear below.\" \/>\n<meta property=\"og:url\" content=\"https:\/\/22agmadeira.com\/pt\/my-account\/\" \/>\n<meta property=\"og:site_name\" content=\"22AG Madeira Rent a Car &amp; Scooter\" \/>\n<meta property=\"article:modified_time\" content=\"2023-11-07T15:18:10+00:00\" \/>\n<meta name=\"twitter:card\" content=\"summary_large_image\" \/>\n<script type=\"application\/ld+json\" class=\"yoast-schema-graph\">{\"@context\":\"https:\/\/schema.org\",\"@graph\":[{\"@type\":\"WebPage\",\"@id\":\"https:\/\/22agmadeira.com\/my-account\/\",\"url\":\"https:\/\/22agmadeira.com\/my-account\/\",\"name\":\"My account - 22AG Madeira Rent a Car &amp; Scooter\",\"isPartOf\":{\"@id\":\"https:\/\/22agmadeira.com\/fr\/#website\"},\"datePublished\":\"2023-01-02T15:47:14+00:00\",\"dateModified\":\"2023-11-07T15:18:10+00:00\",\"breadcrumb\":{\"@id\":\"https:\/\/22agmadeira.com\/my-account\/#breadcrumb\"},\"inLanguage\":\"pt-PT\",\"potentialAction\":[{\"@type\":\"ReadAction\",\"target\":[\"https:\/\/22agmadeira.com\/my-account\/\"]}]},{\"@type\":\"BreadcrumbList\",\"@id\":\"https:\/\/22agmadeira.com\/my-account\/#breadcrumb\",\"itemListElement\":[{\"@type\":\"ListItem\",\"position\":1,\"name\":\"Home\",\"item\":\"https:\/\/22agmadeira.com\/\"},{\"@type\":\"ListItem\",\"position\":2,\"name\":\"My account\"}]},{\"@type\":\"WebSite\",\"@id\":\"https:\/\/22agmadeira.com\/fr\/#website\",\"url\":\"https:\/\/22agmadeira.com\/fr\/\",\"name\":\"22AG Madeira Rent a Car &amp; Scooter\",\"description\":\"Rent a Car &amp; Scooter in Madeira: Explore the Island with Comfort!\",\"publisher\":{\"@id\":\"https:\/\/22agmadeira.com\/fr\/#organization\"},\"potentialAction\":[{\"@type\":\"SearchAction\",\"target\":{\"@type\":\"EntryPoint\",\"urlTemplate\":\"https:\/\/22agmadeira.com\/fr\/?s={search_term_string}\"},\"query-input\":{\"@type\":\"PropertyValueSpecification\",\"valueRequired\":true,\"valueName\":\"search_term_string\"}}],\"inLanguage\":\"pt-PT\"},{\"@type\":\"Organization\",\"@id\":\"https:\/\/22agmadeira.com\/fr\/#organization\",\"name\":\"22AG Madeira Rent a Car &amp; Scooter\",\"url\":\"https:\/\/22agmadeira.com\/fr\/\",\"logo\":{\"@type\":\"ImageObject\",\"inLanguage\":\"pt-PT\",\"@id\":\"https:\/\/22agmadeira.com\/fr\/#\/schema\/logo\/image\/\",\"url\":\"https:\/\/22agmadeira.com\/wp-content\/uploads\/2025\/12\/cores-2024-02-scaled.png\",\"contentUrl\":\"https:\/\/22agmadeira.com\/wp-content\/uploads\/2025\/12\/cores-2024-02-scaled.png\",\"width\":2560,\"height\":643,\"caption\":\"22AG Madeira Rent a Car &amp; Scooter\"},\"image\":{\"@id\":\"https:\/\/22agmadeira.com\/fr\/#\/schema\/logo\/image\/\"}}]}<\/script>\n<!-- \/ Yoast SEO plugin. -->","yoast_head_json":{"title":"My account - 22AG Madeira Rent a Car &amp; Scooter","robots":{"index":"index","follow":"follow","max-snippet":"max-snippet:-1","max-image-preview":"max-image-preview:large","max-video-preview":"max-video-preview:-1"},"canonical":"https:\/\/22agmadeira.com\/pt\/my-account\/","og_locale":"pt_PT","og_type":"article","og_title":"My account - 22AG Madeira Rent a Car &amp; Scooter","og_description":"How to check your reservation Insert your Confirmation Number or PIN Code on the search bar and the information will apear below.","og_url":"https:\/\/22agmadeira.com\/pt\/my-account\/","og_site_name":"22AG Madeira Rent a Car &amp; Scooter","article_modified_time":"2023-11-07T15:18:10+00:00","twitter_card":"summary_large_image","schema":{"@context":"https:\/\/schema.org","@graph":[{"@type":"WebPage","@id":"https:\/\/22agmadeira.com\/my-account\/","url":"https:\/\/22agmadeira.com\/my-account\/","name":"My account - 22AG Madeira Rent a Car &amp; Scooter","isPartOf":{"@id":"https:\/\/22agmadeira.com\/fr\/#website"},"datePublished":"2023-01-02T15:47:14+00:00","dateModified":"2023-11-07T15:18:10+00:00","breadcrumb":{"@id":"https:\/\/22agmadeira.com\/my-account\/#breadcrumb"},"inLanguage":"pt-PT","potentialAction":[{"@type":"ReadAction","target":["https:\/\/22agmadeira.com\/my-account\/"]}]},{"@type":"BreadcrumbList","@id":"https:\/\/22agmadeira.com\/my-account\/#breadcrumb","itemListElement":[{"@type":"ListItem","position":1,"name":"Home","item":"https:\/\/22agmadeira.com\/"},{"@type":"ListItem","position":2,"name":"My account"}]},{"@type":"WebSite","@id":"https:\/\/22agmadeira.com\/fr\/#website","url":"https:\/\/22agmadeira.com\/fr\/","name":"22AG Madeira Rent a Car &amp; Scooter","description":"Rent a Car &amp; Scooter in Madeira: Explore the Island with Comfort!","publisher":{"@id":"https:\/\/22agmadeira.com\/fr\/#organization"},"potentialAction":[{"@type":"SearchAction","target":{"@type":"EntryPoint","urlTemplate":"https:\/\/22agmadeira.com\/fr\/?s={search_term_string}"},"query-input":{"@type":"PropertyValueSpecification","valueRequired":true,"valueName":"search_term_string"}}],"inLanguage":"pt-PT"},{"@type":"Organization","@id":"https:\/\/22agmadeira.com\/fr\/#organization","name":"22AG Madeira Rent a Car &amp; Scooter","url":"https:\/\/22agmadeira.com\/fr\/","logo":{"@type":"ImageObject","inLanguage":"pt-PT","@id":"https:\/\/22agmadeira.com\/fr\/#\/schema\/logo\/image\/","url":"https:\/\/22agmadeira.com\/wp-content\/uploads\/2025\/12\/cores-2024-02-scaled.png","contentUrl":"https:\/\/22agmadeira.com\/wp-content\/uploads\/2025\/12\/cores-2024-02-scaled.png","width":2560,"height":643,"caption":"22AG Madeira Rent a Car &amp; Scooter"},"image":{"@id":"https:\/\/22agmadeira.com\/fr\/#\/schema\/logo\/image\/"}}]}},"_links":{"self":[{"href":"https:\/\/22agmadeira.com\/pt\/wp-json\/wp\/v2\/pages\/1675","targetHints":{"allow":["GET"]}}],"collection":[{"href":"https:\/\/22agmadeira.com\/pt\/wp-json\/wp\/v2\/pages"}],"about":[{"href":"https:\/\/22agmadeira.com\/pt\/wp-json\/wp\/v2\/types\/page"}],"author":[{"embeddable":true,"href":"https:\/\/22agmadeira.com\/pt\/wp-json\/wp\/v2\/users\/3"}],"replies":[{"embeddable":true,"href":"https:\/\/22agmadeira.com\/pt\/wp-json\/wp\/v2\/comments?post=1675"}],"version-history":[{"count":5,"href":"https:\/\/22agmadeira.com\/pt\/wp-json\/wp\/v2\/pages\/1675\/revisions"}],"predecessor-version":[{"id":3888,"href":"https:\/\/22agmadeira.com\/pt\/wp-json\/wp\/v2\/pages\/1675\/revisions\/3888"}],"wp:attachment":[{"href":"https:\/\/22agmadeira.com\/pt\/wp-json\/wp\/v2\/media?parent=1675"}],"curies":[{"name":"wp","href":"https:\/\/api.w.org\/{rel}","templated":true}]}}