{"id":3442,"date":"2023-09-01T13:18:27","date_gmt":"2023-09-01T12:18:27","guid":{"rendered":"https:\/\/22agmadeira.com\/?page_id=3442"},"modified":"2023-09-07T16:12:04","modified_gmt":"2023-09-07T15:12:04","slug":"partners","status":"publish","type":"page","link":"https:\/\/22agmadeira.com\/pt\/partners\/","title":{"rendered":"Parceiros"},"content":{"rendered":"<div data-elementor-type=\"wp-page\" data-elementor-id=\"3442\" class=\"elementor elementor-3442\">\n\t\t\t\t\t\t<section class=\"elementor-section elementor-top-section elementor-element elementor-element-9c5d9f6 elementor-hidden-mobile elementor-section-boxed elementor-section-height-default elementor-section-height-default\" data-id=\"9c5d9f6\" data-element_type=\"section\" data-e-type=\"section\">\n\t\t\t\t\t\t<div class=\"elementor-container elementor-column-gap-default\">\n\t\t\t\t\t<div class=\"elementor-column elementor-col-100 elementor-top-column elementor-element elementor-element-ff2264d\" data-id=\"ff2264d\" data-element_type=\"column\" data-e-type=\"column\">\n\t\t\t<div class=\"elementor-widget-wrap elementor-element-populated\">\n\t\t\t\t\t\t<div class=\"elementor-element elementor-element-c3cf8f4 elementor-widget elementor-widget-heading\" data-id=\"c3cf8f4\" data-element_type=\"widget\" data-e-type=\"widget\" data-widget_type=\"heading.default\">\n\t\t\t\t<div class=\"elementor-widget-container\">\n\t\t\t\t\t<h2 class=\"elementor-heading-title elementor-size-default\">Conhe\u00e7a nossos parceiros<\/h2>\t\t\t\t<\/div>\n\t\t\t\t<\/div>\n\t\t\t\t<div class=\"elementor-element elementor-element-fc17698 elementor-widget elementor-widget-text-editor\" data-id=\"fc17698\" data-element_type=\"widget\" data-e-type=\"widget\" data-widget_type=\"text-editor.default\">\n\t\t\t\t<div class=\"elementor-widget-container\">\n\t\t\t\t\t\t\t\t\t<p>No <strong>22AG Madeira<\/strong>, acreditamos na cria\u00e7\u00e3o de experi\u00eancias memor\u00e1veis para nossos clientes, colaborando com os melhores do ramo.<\/p><p>Os nossos valiosos parceiros partilham a nossa paix\u00e3o por fornecer um servi\u00e7o excepcional e aventuras inesquec\u00edveis na nossa bela Ilha da Madeira.<\/p><p>Together, we're committed to making your visit an extraordinary one. Explore our trusted partners below and discover the magic of our island through their expertise and hospitality.<\/p>\t\t\t\t\t\t\t\t<\/div>\n\t\t\t\t<\/div>\n\t\t\t\t\t<\/div>\n\t\t<\/div>\n\t\t\t\t\t<\/div>\n\t\t<\/section>\n\t\t\t\t<section class=\"elementor-section elementor-top-section elementor-element elementor-element-ab1e970 elementor-section-boxed elementor-section-height-default elementor-section-height-default\" data-id=\"ab1e970\" data-element_type=\"section\" data-e-type=\"section\" data-settings=\"{&quot;background_background&quot;:&quot;classic&quot;}\">\n\t\t\t\t\t\t<div class=\"elementor-container elementor-column-gap-default\">\n\t\t\t\t\t<div class=\"elementor-column elementor-col-33 elementor-top-column elementor-element elementor-element-bb2e6d0\" data-id=\"bb2e6d0\" data-element_type=\"column\" data-e-type=\"column\">\n\t\t\t<div class=\"elementor-widget-wrap elementor-element-populated\">\n\t\t\t\t\t\t<div class=\"elementor-element elementor-element-2dd51aa elementor-widget elementor-widget-image\" data-id=\"2dd51aa\" data-element_type=\"widget\" data-e-type=\"widget\" data-widget_type=\"image.default\">\n\t\t\t\t<div class=\"elementor-widget-container\">\n\t\t\t\t\t\t\t\t\t\t\t\t\t\t\t<img fetchpriority=\"high\" decoding=\"async\" width=\"500\" height=\"300\" src=\"https:\/\/22agmadeira.com\/wp-content\/uploads\/2023\/09\/Design-sem-nome-67.png\" class=\"attachment-large size-large wp-image-3482\" alt=\"\" srcset=\"https:\/\/22agmadeira.com\/wp-content\/uploads\/2023\/09\/Design-sem-nome-67.png 500w, https:\/\/22agmadeira.com\/wp-content\/uploads\/2023\/09\/Design-sem-nome-67-300x180.png 300w, https:\/\/22agmadeira.com\/wp-content\/uploads\/2023\/09\/Design-sem-nome-67-125x75.png 125w\" sizes=\"(max-width:767px) 500px, 500px\" \/>\t\t\t\t\t\t\t\t\t\t\t\t\t\t\t<\/div>\n\t\t\t\t<\/div>\n\t\t\t\t\t<\/div>\n\t\t<\/div>\n\t\t\t\t<div class=\"elementor-column elementor-col-66 elementor-top-column elementor-element elementor-element-3fb7f3f\" data-id=\"3fb7f3f\" data-element_type=\"column\" data-e-type=\"column\">\n\t\t\t<div class=\"elementor-widget-wrap elementor-element-populated\">\n\t\t\t\t\t\t<div class=\"elementor-element elementor-element-e02aa9c elementor-widget elementor-widget-heading\" data-id=\"e02aa9c\" data-element_type=\"widget\" data-e-type=\"widget\" data-widget_type=\"heading.default\">\n\t\t\t\t<div class=\"elementor-widget-container\">\n\t\t\t\t\t<h2 class=\"elementor-heading-title elementor-size-default\">VMT MADEIRA<\/h2>\t\t\t\t<\/div>\n\t\t\t\t<\/div>\n\t\t\t\t<div class=\"elementor-element elementor-element-3bdad89 elementor-widget elementor-widget-text-editor\" data-id=\"3bdad89\" data-element_type=\"widget\" data-e-type=\"widget\" data-widget_type=\"text-editor.default\">\n\t\t\t\t<div class=\"elementor-widget-container\">\n\t\t\t\t\t\t\t\t\t<p>Os passeios de catamar\u00e3 VMT Madeira s\u00e3o os mais procurados na ilha, apreciados pelos turistas tanto durante os meses de ver\u00e3o como de inverno. S\u00e3o tr\u00eas catamar\u00e3s VMT que utilizamos, chamados \u201cSea the Best\u201d, \u201cSea Nature\u201d e \u201cSea Pleasure\u201d. Especializados na busca de golfinhos e baleias, lhe daremos uma carona gr\u00e1tis caso voc\u00ea n\u00e3o consiga ver nada durante sua viagem. As chances de voc\u00ea ver golfinhos ou baleias s\u00e3o superiores a 90%.\u00a0<\/p><p><strong>Reserve com 22AG e ganhe desconto\u00a0<\/strong><\/p>\t\t\t\t\t\t\t\t<\/div>\n\t\t\t\t<\/div>\n\t\t\t\t<div class=\"elementor-element elementor-element-8507be9 elementor-button-info elementor-align-center elementor-widget elementor-widget-button\" data-id=\"8507be9\" data-element_type=\"widget\" data-e-type=\"widget\" data-widget_type=\"button.default\">\n\t\t\t\t<div class=\"elementor-widget-container\">\n\t\t\t\t\t\t\t\t\t<div class=\"elementor-button-wrapper\">\n\t\t\t\t\t<a class=\"elementor-button elementor-button-link elementor-size-sm elementor-animation-grow\" href=\"https:\/\/22agmadeira.com\/pt\/contact\/\">\n\t\t\t\t\t\t<span class=\"elementor-button-content-wrapper\">\n\t\t\t\t\t\t\t\t\t<span class=\"elementor-button-text\">USAR DESCONTO<\/span>\n\t\t\t\t\t<\/span>\n\t\t\t\t\t<\/a>\n\t\t\t\t<\/div>\n\t\t\t\t\t\t\t\t<\/div>\n\t\t\t\t<\/div>\n\t\t\t\t\t<\/div>\n\t\t<\/div>\n\t\t\t\t\t<\/div>\n\t\t<\/section>\n\t\t\t\t<section class=\"elementor-section elementor-top-section elementor-element elementor-element-9a42719 elementor-section-boxed elementor-section-height-default elementor-section-height-default\" data-id=\"9a42719\" data-element_type=\"section\" data-e-type=\"section\" data-settings=\"{&quot;background_background&quot;:&quot;classic&quot;}\">\n\t\t\t\t\t\t<div class=\"elementor-container elementor-column-gap-default\">\n\t\t\t\t\t<div class=\"elementor-column elementor-col-33 elementor-top-column elementor-element elementor-element-975fe37\" data-id=\"975fe37\" data-element_type=\"column\" data-e-type=\"column\">\n\t\t\t<div class=\"elementor-widget-wrap elementor-element-populated\">\n\t\t\t\t\t\t<div class=\"elementor-element elementor-element-c6323f9 elementor-widget elementor-widget-image\" data-id=\"c6323f9\" data-element_type=\"widget\" data-e-type=\"widget\" data-widget_type=\"image.default\">\n\t\t\t\t<div class=\"elementor-widget-container\">\n\t\t\t\t\t\t\t\t\t\t\t\t\t\t\t<img decoding=\"async\" width=\"500\" height=\"300\" src=\"https:\/\/22agmadeira.com\/wp-content\/uploads\/2023\/09\/Design-sem-nome-66.png\" class=\"attachment-large size-large wp-image-3483\" alt=\"\" srcset=\"https:\/\/22agmadeira.com\/wp-content\/uploads\/2023\/09\/Design-sem-nome-66.png 500w, https:\/\/22agmadeira.com\/wp-content\/uploads\/2023\/09\/Design-sem-nome-66-300x180.png 300w, https:\/\/22agmadeira.com\/wp-content\/uploads\/2023\/09\/Design-sem-nome-66-125x75.png 125w\" sizes=\"(max-width:767px) 500px, 500px\" \/>\t\t\t\t\t\t\t\t\t\t\t\t\t\t\t<\/div>\n\t\t\t\t<\/div>\n\t\t\t\t\t<\/div>\n\t\t<\/div>\n\t\t\t\t<div class=\"elementor-column elementor-col-66 elementor-top-column elementor-element elementor-element-edaf457\" data-id=\"edaf457\" data-element_type=\"column\" data-e-type=\"column\">\n\t\t\t<div class=\"elementor-widget-wrap elementor-element-populated\">\n\t\t\t\t\t\t<div class=\"elementor-element elementor-element-d7325bf elementor-widget elementor-widget-heading\" data-id=\"d7325bf\" data-element_type=\"widget\" data-e-type=\"widget\" data-widget_type=\"heading.default\">\n\t\t\t\t<div class=\"elementor-widget-container\">\n\t\t\t\t\t<h2 class=\"elementor-heading-title elementor-size-default\">SAFARIS VERDEVIL<\/h2>\t\t\t\t<\/div>\n\t\t\t\t<\/div>\n\t\t\t\t<div class=\"elementor-element elementor-element-f07b739 elementor-widget elementor-widget-text-editor\" data-id=\"f07b739\" data-element_type=\"widget\" data-e-type=\"widget\" data-widget_type=\"text-editor.default\">\n\t\t\t\t<div class=\"elementor-widget-container\">\n\t\t\t\t\t\t\t\t\t<p>A Green Devil \u00e9 uma empresa de Safari criada a pensar no viajante, para quem quer explorar e conviver com os locais, para quem est\u00e1 \u00e1vido por experi\u00eancias \u00fanicas, feitas \u00e0 medida e adaptadas \u00e0s necessidades de cada pessoa que nos visita.<\/p><p><strong>Reserve com 22AG e ganhe desconto em um Safari<\/strong><\/p>\t\t\t\t\t\t\t\t<\/div>\n\t\t\t\t<\/div>\n\t\t\t\t<div class=\"elementor-element elementor-element-20a9ac0 elementor-button-info elementor-align-center elementor-widget elementor-widget-button\" data-id=\"20a9ac0\" data-element_type=\"widget\" data-e-type=\"widget\" data-widget_type=\"button.default\">\n\t\t\t\t<div class=\"elementor-widget-container\">\n\t\t\t\t\t\t\t\t\t<div class=\"elementor-button-wrapper\">\n\t\t\t\t\t<a class=\"elementor-button elementor-button-link elementor-size-sm elementor-animation-grow\" href=\"https:\/\/22agmadeira.com\/pt\/contact\/\">\n\t\t\t\t\t\t<span class=\"elementor-button-content-wrapper\">\n\t\t\t\t\t\t\t\t\t<span class=\"elementor-button-text\">USAR DESCONTO<\/span>\n\t\t\t\t\t<\/span>\n\t\t\t\t\t<\/a>\n\t\t\t\t<\/div>\n\t\t\t\t\t\t\t\t<\/div>\n\t\t\t\t<\/div>\n\t\t\t\t\t<\/div>\n\t\t<\/div>\n\t\t\t\t\t<\/div>\n\t\t<\/section>\n\t\t\t\t<\/div>","protected":false},"excerpt":{"rendered":"<p>Meet Our Partners At 22AG Madeira, we believe in creating memorable experiences for our customers by collaborating with the best in the business. Our valued partners<span class=\"excerpt-hellip\"> [\u2026]<\/span><\/p>\n","protected":false},"author":9,"featured_media":0,"parent":0,"menu_order":0,"comment_status":"closed","ping_status":"open","template":"","meta":{"footnotes":""},"class_list":["post-3442","page","type-page","status-publish","hentry"],"yoast_head":"<!-- This site is optimized with the Yoast SEO plugin v27.2 - https:\/\/yoast.com\/product\/yoast-seo-wordpress\/ -->\n<title>Partners - 22AG Madeira Rent a Car &amp; Scooter<\/title>\n<meta name=\"robots\" content=\"index, follow, max-snippet:-1, max-image-preview:large, max-video-preview:-1\" \/>\n<link rel=\"canonical\" href=\"https:\/\/22agmadeira.com\/pt\/partners\/\" \/>\n<meta property=\"og:locale\" content=\"pt_PT\" \/>\n<meta property=\"og:type\" content=\"article\" \/>\n<meta property=\"og:title\" content=\"Partners - 22AG Madeira Rent a Car &amp; Scooter\" \/>\n<meta property=\"og:description\" content=\"Meet Our Partners At 22AG Madeira, we believe in creating memorable experiences for our customers by collaborating with the best in the business. Our valued partners [\u2026]\" \/>\n<meta property=\"og:url\" content=\"https:\/\/22agmadeira.com\/pt\/partners\/\" \/>\n<meta property=\"og:site_name\" content=\"22AG Madeira Rent a Car &amp; Scooter\" \/>\n<meta property=\"article:modified_time\" content=\"2023-09-07T15:12:04+00:00\" \/>\n<meta property=\"og:image\" content=\"https:\/\/22agmadeira.com\/wp-content\/uploads\/2023\/09\/Design-sem-nome-67.png\" \/>\n<meta name=\"twitter:card\" content=\"summary_large_image\" \/>\n<meta name=\"twitter:label1\" content=\"Tempo estimado de leitura\" \/>\n\t<meta name=\"twitter:data1\" content=\"1 minuto\" \/>\n<script type=\"application\/ld+json\" class=\"yoast-schema-graph\">{\"@context\":\"https:\/\/schema.org\",\"@graph\":[{\"@type\":\"WebPage\",\"@id\":\"https:\/\/22agmadeira.com\/partners\/\",\"url\":\"https:\/\/22agmadeira.com\/partners\/\",\"name\":\"Partners - 22AG Madeira Rent a Car &amp; Scooter\",\"isPartOf\":{\"@id\":\"https:\/\/22agmadeira.com\/fr\/#website\"},\"primaryImageOfPage\":{\"@id\":\"https:\/\/22agmadeira.com\/partners\/#primaryimage\"},\"image\":{\"@id\":\"https:\/\/22agmadeira.com\/partners\/#primaryimage\"},\"thumbnailUrl\":\"https:\/\/22agmadeira.com\/wp-content\/uploads\/2023\/09\/Design-sem-nome-67.png\",\"datePublished\":\"2023-09-01T12:18:27+00:00\",\"dateModified\":\"2023-09-07T15:12:04+00:00\",\"breadcrumb\":{\"@id\":\"https:\/\/22agmadeira.com\/partners\/#breadcrumb\"},\"inLanguage\":\"pt-PT\",\"potentialAction\":[{\"@type\":\"ReadAction\",\"target\":[\"https:\/\/22agmadeira.com\/partners\/\"]}]},{\"@type\":\"ImageObject\",\"inLanguage\":\"pt-PT\",\"@id\":\"https:\/\/22agmadeira.com\/partners\/#primaryimage\",\"url\":\"https:\/\/22agmadeira.com\/wp-content\/uploads\/2023\/09\/Design-sem-nome-67.png\",\"contentUrl\":\"https:\/\/22agmadeira.com\/wp-content\/uploads\/2023\/09\/Design-sem-nome-67.png\"},{\"@type\":\"BreadcrumbList\",\"@id\":\"https:\/\/22agmadeira.com\/partners\/#breadcrumb\",\"itemListElement\":[{\"@type\":\"ListItem\",\"position\":1,\"name\":\"Home\",\"item\":\"https:\/\/22agmadeira.com\/\"},{\"@type\":\"ListItem\",\"position\":2,\"name\":\"Partners\"}]},{\"@type\":\"WebSite\",\"@id\":\"https:\/\/22agmadeira.com\/fr\/#website\",\"url\":\"https:\/\/22agmadeira.com\/fr\/\",\"name\":\"22AG Madeira Rent a Car &amp; Scooter\",\"description\":\"Rent a Car &amp; Scooter in Madeira: Explore the Island with Comfort!\",\"publisher\":{\"@id\":\"https:\/\/22agmadeira.com\/fr\/#organization\"},\"potentialAction\":[{\"@type\":\"SearchAction\",\"target\":{\"@type\":\"EntryPoint\",\"urlTemplate\":\"https:\/\/22agmadeira.com\/fr\/?s={search_term_string}\"},\"query-input\":{\"@type\":\"PropertyValueSpecification\",\"valueRequired\":true,\"valueName\":\"search_term_string\"}}],\"inLanguage\":\"pt-PT\"},{\"@type\":\"Organization\",\"@id\":\"https:\/\/22agmadeira.com\/fr\/#organization\",\"name\":\"22AG Madeira Rent a Car &amp; Scooter\",\"url\":\"https:\/\/22agmadeira.com\/fr\/\",\"logo\":{\"@type\":\"ImageObject\",\"inLanguage\":\"pt-PT\",\"@id\":\"https:\/\/22agmadeira.com\/fr\/#\/schema\/logo\/image\/\",\"url\":\"https:\/\/22agmadeira.com\/wp-content\/uploads\/2025\/12\/cores-2024-02-scaled.png\",\"contentUrl\":\"https:\/\/22agmadeira.com\/wp-content\/uploads\/2025\/12\/cores-2024-02-scaled.png\",\"width\":2560,\"height\":643,\"caption\":\"22AG Madeira Rent a Car &amp; Scooter\"},\"image\":{\"@id\":\"https:\/\/22agmadeira.com\/fr\/#\/schema\/logo\/image\/\"}}]}<\/script>\n<!-- \/ Yoast SEO plugin. -->","yoast_head_json":{"title":"Partners - 22AG Madeira Rent a Car &amp; Scooter","robots":{"index":"index","follow":"follow","max-snippet":"max-snippet:-1","max-image-preview":"max-image-preview:large","max-video-preview":"max-video-preview:-1"},"canonical":"https:\/\/22agmadeira.com\/pt\/partners\/","og_locale":"pt_PT","og_type":"article","og_title":"Partners - 22AG Madeira Rent a Car &amp; Scooter","og_description":"Meet Our Partners At 22AG Madeira, we believe in creating memorable experiences for our customers by collaborating with the best in the business. Our valued partners [\u2026]","og_url":"https:\/\/22agmadeira.com\/pt\/partners\/","og_site_name":"22AG Madeira Rent a Car &amp; Scooter","article_modified_time":"2023-09-07T15:12:04+00:00","og_image":[{"url":"https:\/\/22agmadeira.com\/wp-content\/uploads\/2023\/09\/Design-sem-nome-67.png","type":"","width":"","height":""}],"twitter_card":"summary_large_image","twitter_misc":{"Tempo estimado de leitura":"1 minuto"},"schema":{"@context":"https:\/\/schema.org","@graph":[{"@type":"WebPage","@id":"https:\/\/22agmadeira.com\/partners\/","url":"https:\/\/22agmadeira.com\/partners\/","name":"Partners - 22AG Madeira Rent a Car &amp; Scooter","isPartOf":{"@id":"https:\/\/22agmadeira.com\/fr\/#website"},"primaryImageOfPage":{"@id":"https:\/\/22agmadeira.com\/partners\/#primaryimage"},"image":{"@id":"https:\/\/22agmadeira.com\/partners\/#primaryimage"},"thumbnailUrl":"https:\/\/22agmadeira.com\/wp-content\/uploads\/2023\/09\/Design-sem-nome-67.png","datePublished":"2023-09-01T12:18:27+00:00","dateModified":"2023-09-07T15:12:04+00:00","breadcrumb":{"@id":"https:\/\/22agmadeira.com\/partners\/#breadcrumb"},"inLanguage":"pt-PT","potentialAction":[{"@type":"ReadAction","target":["https:\/\/22agmadeira.com\/partners\/"]}]},{"@type":"ImageObject","inLanguage":"pt-PT","@id":"https:\/\/22agmadeira.com\/partners\/#primaryimage","url":"https:\/\/22agmadeira.com\/wp-content\/uploads\/2023\/09\/Design-sem-nome-67.png","contentUrl":"https:\/\/22agmadeira.com\/wp-content\/uploads\/2023\/09\/Design-sem-nome-67.png"},{"@type":"BreadcrumbList","@id":"https:\/\/22agmadeira.com\/partners\/#breadcrumb","itemListElement":[{"@type":"ListItem","position":1,"name":"Home","item":"https:\/\/22agmadeira.com\/"},{"@type":"ListItem","position":2,"name":"Partners"}]},{"@type":"WebSite","@id":"https:\/\/22agmadeira.com\/fr\/#website","url":"https:\/\/22agmadeira.com\/fr\/","name":"22AG Madeira Rent a Car &amp; Scooter","description":"Rent a Car &amp; Scooter in Madeira: Explore the Island with Comfort!","publisher":{"@id":"https:\/\/22agmadeira.com\/fr\/#organization"},"potentialAction":[{"@type":"SearchAction","target":{"@type":"EntryPoint","urlTemplate":"https:\/\/22agmadeira.com\/fr\/?s={search_term_string}"},"query-input":{"@type":"PropertyValueSpecification","valueRequired":true,"valueName":"search_term_string"}}],"inLanguage":"pt-PT"},{"@type":"Organization","@id":"https:\/\/22agmadeira.com\/fr\/#organization","name":"22AG Madeira Rent a Car &amp; Scooter","url":"https:\/\/22agmadeira.com\/fr\/","logo":{"@type":"ImageObject","inLanguage":"pt-PT","@id":"https:\/\/22agmadeira.com\/fr\/#\/schema\/logo\/image\/","url":"https:\/\/22agmadeira.com\/wp-content\/uploads\/2025\/12\/cores-2024-02-scaled.png","contentUrl":"https:\/\/22agmadeira.com\/wp-content\/uploads\/2025\/12\/cores-2024-02-scaled.png","width":2560,"height":643,"caption":"22AG Madeira Rent a Car &amp; Scooter"},"image":{"@id":"https:\/\/22agmadeira.com\/fr\/#\/schema\/logo\/image\/"}}]}},"_links":{"self":[{"href":"https:\/\/22agmadeira.com\/pt\/wp-json\/wp\/v2\/pages\/3442","targetHints":{"allow":["GET"]}}],"collection":[{"href":"https:\/\/22agmadeira.com\/pt\/wp-json\/wp\/v2\/pages"}],"about":[{"href":"https:\/\/22agmadeira.com\/pt\/wp-json\/wp\/v2\/types\/page"}],"author":[{"embeddable":true,"href":"https:\/\/22agmadeira.com\/pt\/wp-json\/wp\/v2\/users\/9"}],"replies":[{"embeddable":true,"href":"https:\/\/22agmadeira.com\/pt\/wp-json\/wp\/v2\/comments?post=3442"}],"version-history":[{"count":5,"href":"https:\/\/22agmadeira.com\/pt\/wp-json\/wp\/v2\/pages\/3442\/revisions"}],"predecessor-version":[{"id":3486,"href":"https:\/\/22agmadeira.com\/pt\/wp-json\/wp\/v2\/pages\/3442\/revisions\/3486"}],"wp:attachment":[{"href":"https:\/\/22agmadeira.com\/pt\/wp-json\/wp\/v2\/media?parent=3442"}],"curies":[{"name":"wp","href":"https:\/\/api.w.org\/{rel}","templated":true}]}}