{"id":4430,"date":"2023-12-31T21:44:56","date_gmt":"2023-12-31T21:44:56","guid":{"rendered":"https:\/\/22agmadeira.com\/?page_id=4430"},"modified":"2023-12-31T21:54:14","modified_gmt":"2023-12-31T21:54:14","slug":"privacy-policy","status":"publish","type":"page","link":"https:\/\/22agmadeira.com\/pt\/privacy-policy\/","title":{"rendered":"pol\u00edtica de Privacidade"},"content":{"rendered":"<div data-elementor-type=\"wp-page\" data-elementor-id=\"4430\" class=\"elementor elementor-4430\">\n\t\t\t\t\t\t<section class=\"elementor-section elementor-top-section elementor-element elementor-element-377ead3 elementor-section-boxed elementor-section-height-default elementor-section-height-default\" data-id=\"377ead3\" data-element_type=\"section\" data-e-type=\"section\">\n\t\t\t\t\t\t<div class=\"elementor-container elementor-column-gap-default\">\n\t\t\t\t\t<div class=\"elementor-column elementor-col-100 elementor-top-column elementor-element elementor-element-3c9f13a\" data-id=\"3c9f13a\" data-element_type=\"column\" data-e-type=\"column\">\n\t\t\t<div class=\"elementor-widget-wrap elementor-element-populated\">\n\t\t\t\t\t\t<div class=\"elementor-element elementor-element-11be0c1 elementor-widget elementor-widget-heading\" data-id=\"11be0c1\" data-element_type=\"widget\" data-e-type=\"widget\" data-widget_type=\"heading.default\">\n\t\t\t\t<div class=\"elementor-widget-container\">\n\t\t\t\t\t<h2 class=\"elementor-heading-title elementor-size-default\">pol\u00edtica de Privacidade<\/h2>\t\t\t\t<\/div>\n\t\t\t\t<\/div>\n\t\t\t\t\t<\/div>\n\t\t<\/div>\n\t\t\t\t\t<\/div>\n\t\t<\/section>\n\t\t\t\t<section class=\"elementor-section elementor-top-section elementor-element elementor-element-5b5c9e2 elementor-section-boxed elementor-section-height-default elementor-section-height-default\" data-id=\"5b5c9e2\" data-element_type=\"section\" data-e-type=\"section\">\n\t\t\t\t\t\t<div class=\"elementor-container elementor-column-gap-default\">\n\t\t\t\t\t<div class=\"elementor-column elementor-col-100 elementor-top-column elementor-element elementor-element-e8a2a5d\" data-id=\"e8a2a5d\" data-element_type=\"column\" data-e-type=\"column\">\n\t\t\t<div class=\"elementor-widget-wrap elementor-element-populated\">\n\t\t\t\t\t\t<div class=\"elementor-element elementor-element-f3a918a elementor-widget elementor-widget-text-editor\" data-id=\"f3a918a\" data-element_type=\"widget\" data-e-type=\"widget\" data-widget_type=\"text-editor.default\">\n\t\t\t\t<div class=\"elementor-widget-container\">\n\t\t\t\t\t\t\t\t\t<p>DECLARA\u00c7\u00c3O DE PRIVACIDADE DO SITE www.22agmadeira.com<br \/>O QUE FAZEMOS COM A SUA INFORMA\u00c7\u00c3O?<\/p><p>When you enter our pages we automatically receive your computer's internet protocol, IP address, in order to obtain information that helps us learn about your browser and your operating system, for study and statistical purposes.<\/p><p>Email marketing: Se desejar, podemos enviar-lhe emails sobre a nossa empresa, como promo\u00e7\u00f5es da empresa, novidades e outras atualiza\u00e7\u00f5es. Voc\u00ea pode remover seu e-mail deste banco de dados a qualquer momento.<\/p><p>CONSENTIMENTO<br \/>Como voc\u00ea obt\u00e9m meu consentimento?<\/p><p>Quando solicitarmos as suas informa\u00e7\u00f5es pessoais por qualquer outro motivo, como para marketing por e-mail, solicitaremos diretamente o seu consentimento ou, em alternativa, fornecer-lhe-emos a oportunidade de dizer que n\u00e3o deseja subscrever a nossa newsletter.<\/p><p>Como posso retirar o meu consentimento?<\/p><p>Se, ap\u00f3s nos fornecer os seus dados, mudar de ideias, poder\u00e1 retirar o seu consentimento para que o contactemos para a continua\u00e7\u00e3o da recolha de dados, utiliza\u00e7\u00e3o ou divulga\u00e7\u00e3o das suas informa\u00e7\u00f5es a qualquer momento, contactando-nos atrav\u00e9s do email:<\/p><p>geral@22agmadeira.com<\/p><p>DIVULGA\u00c7\u00c3O<\/p><p>Poderemos divulgar suas informa\u00e7\u00f5es pessoais somente se formos obrigados a faz\u00ea-lo por lei.<\/p><p>Parceiros<\/p><p>Nossos prestadores de servi\u00e7os e parceiros (Facebook, Google ou outros) somente coletar\u00e3o, utilizar\u00e3o e divulgar\u00e3o suas informa\u00e7\u00f5es na medida necess\u00e1ria para que possam executar os servi\u00e7os por voc\u00ea contratados.<\/p><p>No entanto, determinados prestadores de servi\u00e7os terceiros, tais como gateways de pagamento e outros processadores de transa\u00e7\u00f5es de pagamento, t\u00eam as suas pr\u00f3prias pol\u00edticas de privacidade no que diz respeito \u00e0s informa\u00e7\u00f5es que somos obrigados a fornecer-lhes. Nestes casos e para estes fornecedores, recomendamos que leia as suas pol\u00edticas de privacidade para que possa compreender a forma como as suas informa\u00e7\u00f5es pessoais ser\u00e3o utilizadas por estes fornecedores.<\/p><p>Em particular, lembre-se de que alguns fornecedores podem estar localizados ou ter instala\u00e7\u00f5es localizadas em jurisdi\u00e7\u00f5es diferentes<\/p><p>Once you leave our company's website or that of an associate managed by us, or are redirected from our website to a third-party website, you are no longer covered by this Privacy Policy.<\/p><p>N\u00e3o somos respons\u00e1veis pelas pr\u00e1ticas de privacidade de outros sites e encorajamos voc\u00ea a ler as declara\u00e7\u00f5es de privacidade neles contidas.<\/p><p>SEGURAN\u00c7A<\/p><p>Para proteger suas informa\u00e7\u00f5es pessoais, tomamos precau\u00e7\u00f5es e seguimos as melhores pr\u00e1ticas do setor para garantir que elas n\u00e3o sejam perdidas, apropriadas indevidamente, acessadas, divulgadas, alteradas ou destru\u00eddas de forma inadequada usando a tecnologia Secure Socket Layer (SSL).<\/p><p>BISCOITOS<\/p><p>Utilizamos diferentes tipos de cookies que nos permitem armazenar informa\u00e7\u00e3o sobre a sua sess\u00e3o, \u00faltima visita, n\u00famero de visitas que realizou ao nosso site, cujo \u00fanico objetivo \u00e9 proporcionar-lhe uma experi\u00eancia de compra mais f\u00e1cil. Estes dados ser\u00e3o tratados por n\u00f3s para a realiza\u00e7\u00e3o de estudos e estat\u00edsticas do comportamento do consumidor.<\/p><p>ALTERA\u00c7\u00d5ES A ESTA POL\u00cdTICA DE PRIVACIDADE<\/p><p>Reservamo-nos o direito de modificar esta pol\u00edtica de privacidade a qualquer momento, por isso verifique-a com frequ\u00eancia. As altera\u00e7\u00f5es e esclarecimentos entrar\u00e3o em vigor imediatamente ap\u00f3s a sua publica\u00e7\u00e3o no site. Se obtivermos os seus dados depois de fazermos altera\u00e7\u00f5es materiais nesta pol\u00edtica, iremos notific\u00e1-lo de que eles foram atualizados.<\/p><p>PERGUNTAS E INFORMA\u00c7\u00d5ES DE CONTATO<\/p><p>Se desejar: aceder, corrigir, alterar ou eliminar qualquer informa\u00e7\u00e3o pessoal que tenhamos sobre si, registar uma reclama\u00e7\u00e3o ou simplesmente solicitar mais informa\u00e7\u00f5es de contacto ao nosso Diretor de Conformidade de Privacidade em geral@22agmadeira.com.<\/p>\t\t\t\t\t\t\t\t<\/div>\n\t\t\t\t<\/div>\n\t\t\t\t\t<\/div>\n\t\t<\/div>\n\t\t\t\t\t<\/div>\n\t\t<\/section>\n\t\t\t\t<\/div>","protected":false},"excerpt":{"rendered":"<p>Privacy Policy WEBSITE PRIVACY STATEMENT www.22agmadeira.comWHAT DO WE DO WITH YOUR INFORMATION? When you enter our pages we automatically receive your computer's internet protocol, IP address,<span class=\"excerpt-hellip\"> [\u2026]<\/span><\/p>\n","protected":false},"author":9,"featured_media":0,"parent":0,"menu_order":0,"comment_status":"closed","ping_status":"closed","template":"","meta":{"footnotes":""},"class_list":["post-4430","page","type-page","status-publish","hentry"],"yoast_head":"<!-- This site is optimized with the Yoast SEO plugin v27.2 - https:\/\/yoast.com\/product\/yoast-seo-wordpress\/ -->\n<title>Privacy Policy - 22AG Madeira Rent a Car &amp; Scooter<\/title>\n<meta name=\"robots\" content=\"index, follow, max-snippet:-1, max-image-preview:large, max-video-preview:-1\" \/>\n<link rel=\"canonical\" href=\"https:\/\/22agmadeira.com\/pt\/privacy-policy\/\" \/>\n<meta property=\"og:locale\" content=\"pt_PT\" \/>\n<meta property=\"og:type\" content=\"article\" \/>\n<meta property=\"og:title\" content=\"Privacy Policy - 22AG Madeira Rent a Car &amp; Scooter\" \/>\n<meta property=\"og:description\" content=\"Privacy Policy WEBSITE PRIVACY STATEMENT www.22agmadeira.comWHAT DO WE DO WITH YOUR INFORMATION? When you enter our pages we automatically receive your computer&#039;s internet protocol, IP address, [\u2026]\" \/>\n<meta property=\"og:url\" content=\"https:\/\/22agmadeira.com\/pt\/privacy-policy\/\" \/>\n<meta property=\"og:site_name\" content=\"22AG Madeira Rent a Car &amp; Scooter\" \/>\n<meta property=\"article:modified_time\" content=\"2023-12-31T21:54:14+00:00\" \/>\n<meta name=\"twitter:card\" content=\"summary_large_image\" \/>\n<meta name=\"twitter:label1\" content=\"Tempo estimado de leitura\" \/>\n\t<meta name=\"twitter:data1\" content=\"3 minutos\" \/>\n<script type=\"application\/ld+json\" class=\"yoast-schema-graph\">{\"@context\":\"https:\/\/schema.org\",\"@graph\":[{\"@type\":\"WebPage\",\"@id\":\"https:\/\/22agmadeira.com\/privacy-policy\/\",\"url\":\"https:\/\/22agmadeira.com\/privacy-policy\/\",\"name\":\"Privacy Policy - 22AG Madeira Rent a Car &amp; Scooter\",\"isPartOf\":{\"@id\":\"https:\/\/22agmadeira.com\/fr\/#website\"},\"datePublished\":\"2023-12-31T21:44:56+00:00\",\"dateModified\":\"2023-12-31T21:54:14+00:00\",\"breadcrumb\":{\"@id\":\"https:\/\/22agmadeira.com\/privacy-policy\/#breadcrumb\"},\"inLanguage\":\"pt-PT\",\"potentialAction\":[{\"@type\":\"ReadAction\",\"target\":[\"https:\/\/22agmadeira.com\/privacy-policy\/\"]}]},{\"@type\":\"BreadcrumbList\",\"@id\":\"https:\/\/22agmadeira.com\/privacy-policy\/#breadcrumb\",\"itemListElement\":[{\"@type\":\"ListItem\",\"position\":1,\"name\":\"Home\",\"item\":\"https:\/\/22agmadeira.com\/\"},{\"@type\":\"ListItem\",\"position\":2,\"name\":\"Privacy Policy\"}]},{\"@type\":\"WebSite\",\"@id\":\"https:\/\/22agmadeira.com\/fr\/#website\",\"url\":\"https:\/\/22agmadeira.com\/fr\/\",\"name\":\"22AG Madeira Rent a Car &amp; Scooter\",\"description\":\"Rent a Car &amp; Scooter in Madeira: Explore the Island with Comfort!\",\"publisher\":{\"@id\":\"https:\/\/22agmadeira.com\/fr\/#organization\"},\"potentialAction\":[{\"@type\":\"SearchAction\",\"target\":{\"@type\":\"EntryPoint\",\"urlTemplate\":\"https:\/\/22agmadeira.com\/fr\/?s={search_term_string}\"},\"query-input\":{\"@type\":\"PropertyValueSpecification\",\"valueRequired\":true,\"valueName\":\"search_term_string\"}}],\"inLanguage\":\"pt-PT\"},{\"@type\":\"Organization\",\"@id\":\"https:\/\/22agmadeira.com\/fr\/#organization\",\"name\":\"22AG Madeira Rent a Car &amp; Scooter\",\"url\":\"https:\/\/22agmadeira.com\/fr\/\",\"logo\":{\"@type\":\"ImageObject\",\"inLanguage\":\"pt-PT\",\"@id\":\"https:\/\/22agmadeira.com\/fr\/#\/schema\/logo\/image\/\",\"url\":\"https:\/\/22agmadeira.com\/wp-content\/uploads\/2025\/12\/cores-2024-02-scaled.png\",\"contentUrl\":\"https:\/\/22agmadeira.com\/wp-content\/uploads\/2025\/12\/cores-2024-02-scaled.png\",\"width\":2560,\"height\":643,\"caption\":\"22AG Madeira Rent a Car &amp; Scooter\"},\"image\":{\"@id\":\"https:\/\/22agmadeira.com\/fr\/#\/schema\/logo\/image\/\"}}]}<\/script>\n<!-- \/ Yoast SEO plugin. -->","yoast_head_json":{"title":"Privacy Policy - 22AG Madeira Rent a Car &amp; Scooter","robots":{"index":"index","follow":"follow","max-snippet":"max-snippet:-1","max-image-preview":"max-image-preview:large","max-video-preview":"max-video-preview:-1"},"canonical":"https:\/\/22agmadeira.com\/pt\/privacy-policy\/","og_locale":"pt_PT","og_type":"article","og_title":"Privacy Policy - 22AG Madeira Rent a Car &amp; Scooter","og_description":"Privacy Policy WEBSITE PRIVACY STATEMENT www.22agmadeira.comWHAT DO WE DO WITH YOUR INFORMATION? When you enter our pages we automatically receive your computer's internet protocol, IP address, [\u2026]","og_url":"https:\/\/22agmadeira.com\/pt\/privacy-policy\/","og_site_name":"22AG Madeira Rent a Car &amp; Scooter","article_modified_time":"2023-12-31T21:54:14+00:00","twitter_card":"summary_large_image","twitter_misc":{"Tempo estimado de leitura":"3 minutos"},"schema":{"@context":"https:\/\/schema.org","@graph":[{"@type":"WebPage","@id":"https:\/\/22agmadeira.com\/privacy-policy\/","url":"https:\/\/22agmadeira.com\/privacy-policy\/","name":"Privacy Policy - 22AG Madeira Rent a Car &amp; Scooter","isPartOf":{"@id":"https:\/\/22agmadeira.com\/fr\/#website"},"datePublished":"2023-12-31T21:44:56+00:00","dateModified":"2023-12-31T21:54:14+00:00","breadcrumb":{"@id":"https:\/\/22agmadeira.com\/privacy-policy\/#breadcrumb"},"inLanguage":"pt-PT","potentialAction":[{"@type":"ReadAction","target":["https:\/\/22agmadeira.com\/privacy-policy\/"]}]},{"@type":"BreadcrumbList","@id":"https:\/\/22agmadeira.com\/privacy-policy\/#breadcrumb","itemListElement":[{"@type":"ListItem","position":1,"name":"Home","item":"https:\/\/22agmadeira.com\/"},{"@type":"ListItem","position":2,"name":"Privacy Policy"}]},{"@type":"WebSite","@id":"https:\/\/22agmadeira.com\/fr\/#website","url":"https:\/\/22agmadeira.com\/fr\/","name":"22AG Madeira Rent a Car &amp; Scooter","description":"Rent a Car &amp; Scooter in Madeira: Explore the Island with Comfort!","publisher":{"@id":"https:\/\/22agmadeira.com\/fr\/#organization"},"potentialAction":[{"@type":"SearchAction","target":{"@type":"EntryPoint","urlTemplate":"https:\/\/22agmadeira.com\/fr\/?s={search_term_string}"},"query-input":{"@type":"PropertyValueSpecification","valueRequired":true,"valueName":"search_term_string"}}],"inLanguage":"pt-PT"},{"@type":"Organization","@id":"https:\/\/22agmadeira.com\/fr\/#organization","name":"22AG Madeira Rent a Car &amp; Scooter","url":"https:\/\/22agmadeira.com\/fr\/","logo":{"@type":"ImageObject","inLanguage":"pt-PT","@id":"https:\/\/22agmadeira.com\/fr\/#\/schema\/logo\/image\/","url":"https:\/\/22agmadeira.com\/wp-content\/uploads\/2025\/12\/cores-2024-02-scaled.png","contentUrl":"https:\/\/22agmadeira.com\/wp-content\/uploads\/2025\/12\/cores-2024-02-scaled.png","width":2560,"height":643,"caption":"22AG Madeira Rent a Car &amp; Scooter"},"image":{"@id":"https:\/\/22agmadeira.com\/fr\/#\/schema\/logo\/image\/"}}]}},"_links":{"self":[{"href":"https:\/\/22agmadeira.com\/pt\/wp-json\/wp\/v2\/pages\/4430","targetHints":{"allow":["GET"]}}],"collection":[{"href":"https:\/\/22agmadeira.com\/pt\/wp-json\/wp\/v2\/pages"}],"about":[{"href":"https:\/\/22agmadeira.com\/pt\/wp-json\/wp\/v2\/types\/page"}],"author":[{"embeddable":true,"href":"https:\/\/22agmadeira.com\/pt\/wp-json\/wp\/v2\/users\/9"}],"replies":[{"embeddable":true,"href":"https:\/\/22agmadeira.com\/pt\/wp-json\/wp\/v2\/comments?post=4430"}],"version-history":[{"count":5,"href":"https:\/\/22agmadeira.com\/pt\/wp-json\/wp\/v2\/pages\/4430\/revisions"}],"predecessor-version":[{"id":4439,"href":"https:\/\/22agmadeira.com\/pt\/wp-json\/wp\/v2\/pages\/4430\/revisions\/4439"}],"wp:attachment":[{"href":"https:\/\/22agmadeira.com\/pt\/wp-json\/wp\/v2\/media?parent=4430"}],"curies":[{"name":"wp","href":"https:\/\/api.w.org\/{rel}","templated":true}]}}